{"id":1408,"date":"2024-03-12T12:45:58","date_gmt":"2024-03-12T11:45:58","guid":{"rendered":"https:\/\/dev.visualboost.de\/?page_id=1408"},"modified":"2024-04-29T13:46:09","modified_gmt":"2024-04-29T11:46:09","slug":"careers","status":"publish","type":"page","link":"https:\/\/visualboost.de\/de\/careers\/","title":{"rendered":"Karriere"},"content":{"rendered":"<div data-elementor-type=\"wp-page\" data-elementor-id=\"1408\" class=\"elementor elementor-1408\">\n\t\t\t\t<div class=\"elementor-element elementor-element-e9995d5 e-flex e-con-boxed e-con e-parent\" data-id=\"e9995d5\" data-element_type=\"container\" data-e-type=\"container\" data-settings=\"{&quot;background_background&quot;:&quot;classic&quot;}\">\n\t\t\t\t\t<div class=\"e-con-inner\">\n\t\t<div class=\"elementor-element elementor-element-22a0e5e e-flex e-con-boxed e-con e-child\" data-id=\"22a0e5e\" data-element_type=\"container\" data-e-type=\"container\">\n\t\t\t\t\t<div class=\"e-con-inner\">\n\t\t\t\t<div class=\"elementor-element elementor-element-2423a5e elementor-widget elementor-widget-heading\" data-id=\"2423a5e\" data-element_type=\"widget\" data-e-type=\"widget\" data-widget_type=\"heading.default\">\n\t\t\t\t<div class=\"elementor-widget-container\">\n\t\t\t\t\t<h2 class=\"elementor-heading-title elementor-size-default\">We're looking for:<\/h2>\t\t\t\t<\/div>\n\t\t\t\t<\/div>\n\t\t<div class=\"elementor-element elementor-element-30506f1 e-flex e-con-boxed e-con e-child\" data-id=\"30506f1\" data-element_type=\"container\" data-e-type=\"container\">\n\t\t\t\t\t<div class=\"e-con-inner\">\n\t\t\t\t<div class=\"elementor-element elementor-element-ab50168 elementor-widget elementor-widget-heading\" data-id=\"ab50168\" data-element_type=\"widget\" data-e-type=\"widget\" data-widget_type=\"heading.default\">\n\t\t\t\t<div class=\"elementor-widget-container\">\n\t\t\t\t\t<h3 class=\"elementor-heading-title elementor-size-default\">Partner:<\/h3>\t\t\t\t<\/div>\n\t\t\t\t<\/div>\n\t\t<div class=\"elementor-element elementor-element-bb9c2a5 e-flex e-con-boxed e-con e-child\" data-id=\"bb9c2a5\" data-element_type=\"container\" data-e-type=\"container\">\n\t\t\t\t\t<div class=\"e-con-inner\">\n\t\t\t\t<div class=\"elementor-element elementor-element-71e7392 elementor-widget elementor-widget-text-editor\" data-id=\"71e7392\" data-element_type=\"widget\" data-e-type=\"widget\" data-widget_type=\"text-editor.default\">\n\t\t\t\t<div class=\"elementor-widget-container\">\n\t\t\t\t\t\t\t\t\t<p>Wir suchen Partner, die mit uns zusammen VisualBoost weiterentwickeln und f\u00f6rdern m\u00f6chten. Durch eine gemeinsame Zusammenarbeit  k\u00f6nnen wir die Reichweite von VisualBoost erweitern und gemeinsam an seiner kontinuierlichen Weiterentwicklung arbeiten.<\/p><p>M\u00f6chtest du Partner werden?<\/p>\t\t\t\t\t\t\t\t<\/div>\n\t\t\t\t<\/div>\n\t\t\t\t<div class=\"elementor-element elementor-element-3510581 elementor-widget elementor-widget-button\" data-id=\"3510581\" data-element_type=\"widget\" data-e-type=\"widget\" data-widget_type=\"button.default\">\n\t\t\t\t<div class=\"elementor-widget-container\">\n\t\t\t\t\t\t\t\t\t<div class=\"elementor-button-wrapper\">\n\t\t\t\t\t<a class=\"elementor-button elementor-button-link elementor-size-sm\" href=\"\/de\/contact\/\">\n\t\t\t\t\t\t<span class=\"elementor-button-content-wrapper\">\n\t\t\t\t\t\t\t\t\t<span class=\"elementor-button-text\">Kontaktiere uns!<\/span>\n\t\t\t\t\t<\/span>\n\t\t\t\t\t<\/a>\n\t\t\t\t<\/div>\n\t\t\t\t\t\t\t\t<\/div>\n\t\t\t\t<\/div>\n\t\t\t\t\t<\/div>\n\t\t\t\t<\/div>\n\t\t\t\t<div class=\"elementor-element elementor-element-16da137 elementor-widget elementor-widget-spacer\" data-id=\"16da137\" data-element_type=\"widget\" data-e-type=\"widget\" data-widget_type=\"spacer.default\">\n\t\t\t\t<div class=\"elementor-widget-container\">\n\t\t\t\t\t\t\t<div class=\"elementor-spacer\">\n\t\t\t<div class=\"elementor-spacer-inner\"><\/div>\n\t\t<\/div>\n\t\t\t\t\t\t<\/div>\n\t\t\t\t<\/div>\n\t\t\t\t<div class=\"elementor-element elementor-element-bc3ee14 elementor-widget elementor-widget-heading\" data-id=\"bc3ee14\" data-element_type=\"widget\" data-e-type=\"widget\" data-widget_type=\"heading.default\">\n\t\t\t\t<div class=\"elementor-widget-container\">\n\t\t\t\t\t<h3 class=\"elementor-heading-title elementor-size-default\">Nutzer<\/h3>\t\t\t\t<\/div>\n\t\t\t\t<\/div>\n\t\t<div class=\"elementor-element elementor-element-e4873f6 e-flex e-con-boxed e-con e-child\" data-id=\"e4873f6\" data-element_type=\"container\" data-e-type=\"container\">\n\t\t\t\t\t<div class=\"e-con-inner\">\n\t\t\t\t<div class=\"elementor-element elementor-element-5a141e0 elementor-widget elementor-widget-text-editor\" data-id=\"5a141e0\" data-element_type=\"widget\" data-e-type=\"widget\" data-widget_type=\"text-editor.default\">\n\t\t\t\t<div class=\"elementor-widget-container\">\n\t\t\t\t\t\t\t\t\t<p style=\"text-align: left;\">Wir suchen nach Softwareentwicklern, die VisualBoost f\u00fcr ihre Projekte nutzen und uns Feedback geben m\u00f6chten. Dadurch k\u00f6nnen wir VisualBoost kontinuierlich verbessern. Durch die Zusammenarbeit mit uns k\u00f6nnen Entwickler die  zuk\u00fcnftige Software-Entwicklung mitgestalten.<\/p><p>Interessiert?<\/p>\t\t\t\t\t\t\t\t<\/div>\n\t\t\t\t<\/div>\n\t\t\t\t<div class=\"elementor-element elementor-element-dc61a07 elementor-widget elementor-widget-button\" data-id=\"dc61a07\" data-element_type=\"widget\" data-e-type=\"widget\" data-widget_type=\"button.default\">\n\t\t\t\t<div class=\"elementor-widget-container\">\n\t\t\t\t\t\t\t\t\t<div class=\"elementor-button-wrapper\">\n\t\t\t\t\t<a class=\"elementor-button elementor-button-link elementor-size-sm\" href=\"https:\/\/app.visualboost.de\" target=\"_blank\">\n\t\t\t\t\t\t<span class=\"elementor-button-content-wrapper\">\n\t\t\t\t\t\t\t\t\t<span class=\"elementor-button-text\">Jetzt VisualBoost testen!<\/span>\n\t\t\t\t\t<\/span>\n\t\t\t\t\t<\/a>\n\t\t\t\t<\/div>\n\t\t\t\t\t\t\t\t<\/div>\n\t\t\t\t<\/div>\n\t\t\t\t\t<\/div>\n\t\t\t\t<\/div>\n\t\t\t\t\t<\/div>\n\t\t\t\t<\/div>\n\t\t\t\t\t<\/div>\n\t\t\t\t<\/div>\n\t\t\t\t\t<\/div>\n\t\t\t\t<\/div>\n\t\t\t\t<\/div>","protected":false},"excerpt":{"rendered":"<p>We&#8217;re looking for: Partner: We&#8217;re seeking partners to collaborate with us in further developing and promoting VisualBoost. By partnering with us, we can expand VisualBoost&#8217;s reach and work together to enhance its ongoing evolution. Are you interested in becoming a partner? Get in touch! Software-Developer: We are looking for software developers who would like to [&hellip;]<\/p>\n","protected":false},"author":1,"featured_media":0,"parent":0,"menu_order":0,"comment_status":"closed","ping_status":"closed","template":"","meta":{"site-sidebar-layout":"no-sidebar","site-content-layout":"page-builder","ast-site-content-layout":"full-width-container","site-content-style":"default","site-sidebar-style":"default","ast-global-header-display":"","ast-banner-title-visibility":"","ast-main-header-display":"","ast-hfb-above-header-display":"","ast-hfb-below-header-display":"","ast-hfb-mobile-header-display":"","site-post-title":"disabled","ast-breadcrumbs-content":"","ast-featured-img":"disabled","footer-sml-layout":"","theme-transparent-header-meta":"","adv-header-id-meta":"","stick-header-meta":"","header-above-stick-meta":"","header-main-stick-meta":"","header-below-stick-meta":"","astra-migrate-meta-layouts":"set","ast-page-background-enabled":"default","ast-page-background-meta":{"desktop":{"background-color":"var(--ast-global-color-4)","background-image":"","background-repeat":"repeat","background-position":"center center","background-size":"auto","background-attachment":"scroll","background-type":"","background-media":"","overlay-type":"","overlay-color":"","overlay-gradient":""},"tablet":{"background-color":"","background-image":"","background-repeat":"repeat","background-position":"center center","background-size":"auto","background-attachment":"scroll","background-type":"","background-media":"","overlay-type":"","overlay-color":"","overlay-gradient":""},"mobile":{"background-color":"","background-image":"","background-repeat":"repeat","background-position":"center center","background-size":"auto","background-attachment":"scroll","background-type":"","background-media":"","overlay-type":"","overlay-color":"","overlay-gradient":""}},"ast-content-background-meta":{"desktop":{"background-color":"var(--ast-global-color-5)","background-image":"","background-repeat":"repeat","background-position":"center center","background-size":"auto","background-attachment":"scroll","background-type":"","background-media":"","overlay-type":"","overlay-color":"","overlay-gradient":""},"tablet":{"background-color":"var(--ast-global-color-5)","background-image":"","background-repeat":"repeat","background-position":"center center","background-size":"auto","background-attachment":"scroll","background-type":"","background-media":"","overlay-type":"","overlay-color":"","overlay-gradient":""},"mobile":{"background-color":"var(--ast-global-color-5)","background-image":"","background-repeat":"repeat","background-position":"center center","background-size":"auto","background-attachment":"scroll","background-type":"","background-media":"","overlay-type":"","overlay-color":"","overlay-gradient":""}},"footnotes":""},"class_list":["post-1408","page","type-page","status-publish","hentry"],"yoast_head":"<!-- This site is optimized with the Yoast SEO plugin v27.5 - https:\/\/yoast.com\/product\/yoast-seo-wordpress\/ -->\n<title>Careers - VisualBoost<\/title>\n<meta name=\"robots\" content=\"index, follow, max-snippet:-1, max-image-preview:large, max-video-preview:-1\" \/>\n<link rel=\"canonical\" href=\"https:\/\/visualboost.de\/de\/careers\/\" \/>\n<meta property=\"og:locale\" content=\"de_DE\" \/>\n<meta property=\"og:type\" content=\"article\" \/>\n<meta property=\"og:title\" content=\"Careers - VisualBoost\" \/>\n<meta property=\"og:description\" content=\"We&#8217;re looking for: Partner: We&#8217;re seeking partners to collaborate with us in further developing and promoting VisualBoost. By partnering with us, we can expand VisualBoost&#8217;s reach and work together to enhance its ongoing evolution. Are you interested in becoming a partner? Get in touch! Software-Developer: We are looking for software developers who would like to [&hellip;]\" \/>\n<meta property=\"og:url\" content=\"https:\/\/visualboost.de\/de\/careers\/\" \/>\n<meta property=\"og:site_name\" content=\"VisualBoost\" \/>\n<meta property=\"article:modified_time\" content=\"2024-04-29T11:46:09+00:00\" \/>\n<meta property=\"og:image\" content=\"https:\/\/visualboost.de\/wp-content\/uploads\/2024\/03\/Visual-Boost-logos_transparent_500x500.png\" \/>\n\t<meta property=\"og:image:width\" content=\"500\" \/>\n\t<meta property=\"og:image:height\" content=\"500\" \/>\n\t<meta property=\"og:image:type\" content=\"image\/png\" \/>\n<meta name=\"twitter:card\" content=\"summary_large_image\" \/>\n<meta name=\"twitter:label1\" content=\"Gesch\u00e4tzte Lesezeit\" \/>\n\t<meta name=\"twitter:data1\" content=\"1\u00a0Minute\" \/>\n<script type=\"application\/ld+json\" class=\"yoast-schema-graph\">{\"@context\":\"https:\\\/\\\/schema.org\",\"@graph\":[{\"@type\":\"WebPage\",\"@id\":\"https:\\\/\\\/visualboost.de\\\/careers\\\/\",\"url\":\"https:\\\/\\\/visualboost.de\\\/careers\\\/\",\"name\":\"Careers - VisualBoost\",\"isPartOf\":{\"@id\":\"http:\\\/\\\/visualboost.de\\\/de\\\/#website\"},\"datePublished\":\"2024-03-12T11:45:58+00:00\",\"dateModified\":\"2024-04-29T11:46:09+00:00\",\"breadcrumb\":{\"@id\":\"https:\\\/\\\/visualboost.de\\\/careers\\\/#breadcrumb\"},\"inLanguage\":\"de\",\"potentialAction\":[{\"@type\":\"ReadAction\",\"target\":[\"https:\\\/\\\/visualboost.de\\\/careers\\\/\"]}]},{\"@type\":\"BreadcrumbList\",\"@id\":\"https:\\\/\\\/visualboost.de\\\/careers\\\/#breadcrumb\",\"itemListElement\":[{\"@type\":\"ListItem\",\"position\":1,\"name\":\"Startseite\",\"item\":\"https:\\\/\\\/visualboost.de\\\/\"},{\"@type\":\"ListItem\",\"position\":2,\"name\":\"Careers\"}]},{\"@type\":\"WebSite\",\"@id\":\"http:\\\/\\\/visualboost.de\\\/de\\\/#website\",\"url\":\"http:\\\/\\\/visualboost.de\\\/de\\\/\",\"name\":\"VisualBoost\",\"description\":\"Enhance your software development processes\",\"publisher\":{\"@id\":\"http:\\\/\\\/visualboost.de\\\/de\\\/#organization\"},\"potentialAction\":[{\"@type\":\"SearchAction\",\"target\":{\"@type\":\"EntryPoint\",\"urlTemplate\":\"http:\\\/\\\/visualboost.de\\\/de\\\/?s={search_term_string}\"},\"query-input\":{\"@type\":\"PropertyValueSpecification\",\"valueRequired\":true,\"valueName\":\"search_term_string\"}}],\"inLanguage\":\"de\"},{\"@type\":\"Organization\",\"@id\":\"http:\\\/\\\/visualboost.de\\\/de\\\/#organization\",\"name\":\"VisualBoost\",\"url\":\"http:\\\/\\\/visualboost.de\\\/de\\\/\",\"logo\":{\"@type\":\"ImageObject\",\"inLanguage\":\"de\",\"@id\":\"http:\\\/\\\/visualboost.de\\\/de\\\/#\\\/schema\\\/logo\\\/image\\\/\",\"url\":\"https:\\\/\\\/visualboost.de\\\/wp-content\\\/uploads\\\/2024\\\/03\\\/Visual-Boost-logos_transparent_500x500.png\",\"contentUrl\":\"https:\\\/\\\/visualboost.de\\\/wp-content\\\/uploads\\\/2024\\\/03\\\/Visual-Boost-logos_transparent_500x500.png\",\"width\":500,\"height\":500,\"caption\":\"VisualBoost\"},\"image\":{\"@id\":\"http:\\\/\\\/visualboost.de\\\/de\\\/#\\\/schema\\\/logo\\\/image\\\/\"}}]}<\/script>\n<!-- \/ Yoast SEO plugin. -->","yoast_head_json":{"title":"Careers - VisualBoost","robots":{"index":"index","follow":"follow","max-snippet":"max-snippet:-1","max-image-preview":"max-image-preview:large","max-video-preview":"max-video-preview:-1"},"canonical":"https:\/\/visualboost.de\/de\/careers\/","og_locale":"de_DE","og_type":"article","og_title":"Careers - VisualBoost","og_description":"We&#8217;re looking for: Partner: We&#8217;re seeking partners to collaborate with us in further developing and promoting VisualBoost. By partnering with us, we can expand VisualBoost&#8217;s reach and work together to enhance its ongoing evolution. Are you interested in becoming a partner? Get in touch! Software-Developer: We are looking for software developers who would like to [&hellip;]","og_url":"https:\/\/visualboost.de\/de\/careers\/","og_site_name":"VisualBoost","article_modified_time":"2024-04-29T11:46:09+00:00","og_image":[{"width":500,"height":500,"url":"https:\/\/visualboost.de\/wp-content\/uploads\/2024\/03\/Visual-Boost-logos_transparent_500x500.png","type":"image\/png"}],"twitter_card":"summary_large_image","twitter_misc":{"Gesch\u00e4tzte Lesezeit":"1\u00a0Minute"},"schema":{"@context":"https:\/\/schema.org","@graph":[{"@type":"WebPage","@id":"https:\/\/visualboost.de\/careers\/","url":"https:\/\/visualboost.de\/careers\/","name":"Careers - VisualBoost","isPartOf":{"@id":"http:\/\/visualboost.de\/de\/#website"},"datePublished":"2024-03-12T11:45:58+00:00","dateModified":"2024-04-29T11:46:09+00:00","breadcrumb":{"@id":"https:\/\/visualboost.de\/careers\/#breadcrumb"},"inLanguage":"de","potentialAction":[{"@type":"ReadAction","target":["https:\/\/visualboost.de\/careers\/"]}]},{"@type":"BreadcrumbList","@id":"https:\/\/visualboost.de\/careers\/#breadcrumb","itemListElement":[{"@type":"ListItem","position":1,"name":"Startseite","item":"https:\/\/visualboost.de\/"},{"@type":"ListItem","position":2,"name":"Careers"}]},{"@type":"WebSite","@id":"http:\/\/visualboost.de\/de\/#website","url":"http:\/\/visualboost.de\/de\/","name":"VisualBoost","description":"Enhance your software development processes","publisher":{"@id":"http:\/\/visualboost.de\/de\/#organization"},"potentialAction":[{"@type":"SearchAction","target":{"@type":"EntryPoint","urlTemplate":"http:\/\/visualboost.de\/de\/?s={search_term_string}"},"query-input":{"@type":"PropertyValueSpecification","valueRequired":true,"valueName":"search_term_string"}}],"inLanguage":"de"},{"@type":"Organization","@id":"http:\/\/visualboost.de\/de\/#organization","name":"VisualBoost","url":"http:\/\/visualboost.de\/de\/","logo":{"@type":"ImageObject","inLanguage":"de","@id":"http:\/\/visualboost.de\/de\/#\/schema\/logo\/image\/","url":"https:\/\/visualboost.de\/wp-content\/uploads\/2024\/03\/Visual-Boost-logos_transparent_500x500.png","contentUrl":"https:\/\/visualboost.de\/wp-content\/uploads\/2024\/03\/Visual-Boost-logos_transparent_500x500.png","width":500,"height":500,"caption":"VisualBoost"},"image":{"@id":"http:\/\/visualboost.de\/de\/#\/schema\/logo\/image\/"}}]}},"_links":{"self":[{"href":"https:\/\/visualboost.de\/de\/wp-json\/wp\/v2\/pages\/1408","targetHints":{"allow":["GET"]}}],"collection":[{"href":"https:\/\/visualboost.de\/de\/wp-json\/wp\/v2\/pages"}],"about":[{"href":"https:\/\/visualboost.de\/de\/wp-json\/wp\/v2\/types\/page"}],"author":[{"embeddable":true,"href":"https:\/\/visualboost.de\/de\/wp-json\/wp\/v2\/users\/1"}],"replies":[{"embeddable":true,"href":"https:\/\/visualboost.de\/de\/wp-json\/wp\/v2\/comments?post=1408"}],"version-history":[{"count":58,"href":"https:\/\/visualboost.de\/de\/wp-json\/wp\/v2\/pages\/1408\/revisions"}],"predecessor-version":[{"id":2070,"href":"https:\/\/visualboost.de\/de\/wp-json\/wp\/v2\/pages\/1408\/revisions\/2070"}],"wp:attachment":[{"href":"https:\/\/visualboost.de\/de\/wp-json\/wp\/v2\/media?parent=1408"}],"curies":[{"name":"wp","href":"https:\/\/api.w.org\/{rel}","templated":true}]}}